{"id":2098,"date":"2021-09-03T13:50:37","date_gmt":"2021-09-03T13:50:37","guid":{"rendered":"https:\/\/diamantesdemadeira.com\/terminos-y-condiciones\/"},"modified":"2021-09-03T16:05:18","modified_gmt":"2021-09-03T16:05:18","slug":"terminos-y-condiciones","status":"publish","type":"page","link":"https:\/\/diamantesdemadeira.com\/es\/terminos-y-condiciones\/","title":{"rendered":"T\u00e9rminos y Condiciones"},"content":{"rendered":"<div class=\"fusion-fullwidth fullwidth-box fusion-builder-row-1 fusion-flex-container nonhundred-percent-fullwidth non-hundred-percent-height-scrolling\" style=\"background-color: #ffffff;background-position: center center;background-repeat: no-repeat;border-width: 0px 0px 0px 0px;border-color:#eae9e9;border-style:solid;\" ><div class=\"fusion-builder-row fusion-row fusion-flex-align-items-flex-start\" style=\"max-width:1216.8px;margin-left: calc(-4% \/ 2 );margin-right: calc(-4% \/ 2 );\"><div class=\"fusion-layout-column fusion_builder_column fusion-builder-column-0 fusion_builder_column_1_1 1_1 fusion-flex-column\"><div class=\"fusion-column-wrapper fusion-flex-justify-content-flex-start fusion-content-layout-column\" style=\"background-position:left top;background-repeat:no-repeat;-webkit-background-size:cover;-moz-background-size:cover;-o-background-size:cover;background-size:cover;padding: 0px 0px 0px 0px;\"><div class=\"fusion-text fusion-text-1\"><h2 style=\"margin: 0cm 0cm 8.0pt 0cm;\"><b><span lang=\"PT\" style=\"font-size: 24.0pt; font-family: 'Oswald',sans-serif; color: #402715;\">T\u00e9rminos y Condiciones<\/span><\/b><\/h2>\n<p>Los t\u00e9rminos y condiciones del sitio web diamondsdemadeira.com rigen los t\u00e9rminos bajo los cuales los usuarios pueden hacer uso del sitio web de Diamantes de Madeira.<\/p>\n<p>Este sitio web contiene informaci\u00f3n cuyos derechos de autor est\u00e1n reservados. El usuario se compromete, al utilizar el sitio web de Diamonds of Wood, a cumplir con toda la legislaci\u00f3n aplicable, a saber, el C\u00f3digo de Derechos de Autor y Derechos Conexos, el C\u00f3digo de Propiedad Industrial y la Ley de Delitos Inform\u00e1ticos.<\/p>\n<p>Al preparar este sitio web, se hicieron todos los esfuerzos posibles para garantizar que la informaci\u00f3n contenida en \u00e9l fuera la m\u00e1s actualizada, correcta y precisa.<\/p>\n<p>Sin embargo, este hecho no garantiza que no se produzcan errores.<\/p>\n<p>El sitio web p\u00fablico de Diamantes de Madeira est\u00e1 destinado \u00fanicamente a la consulta, por lo que el usuario tiene expresamente prohibido publicar, reproducir o difundir, de cualquier forma, los contenidos de esta p\u00e1gina, con fines de comunicaci\u00f3n p\u00fablica o marketing, es decir, mediante la publicaci\u00f3n de los disponibles. en otros sitios web o servicios en l\u00ednea.<\/p>\n<p>El usuario, al visitar esta p\u00e1gina, acepta expresamente los t\u00e9rminos y condiciones antes mencionados.<\/p>\n<\/div><div class=\"spacer\" style=\"height:80px;\"><\/div><\/div><style type=\"text\/css\">.fusion-body .fusion-builder-column-0{width:100% !important;margin-top : 0px;margin-bottom : 0px;}.fusion-builder-column-0 > .fusion-column-wrapper {padding-top : 0px !important;padding-right : 0px !important;margin-right : 1.92%;padding-bottom : 0px !important;padding-left : 0px !important;margin-left : 1.92%;}@media only screen and (max-width:800px) {.fusion-body .fusion-builder-column-0{width:100% !important;}.fusion-builder-column-0 > .fusion-column-wrapper {margin-right : 1.92%;margin-left : 1.92%;}}@media only screen and (max-width:640px) {.fusion-body .fusion-builder-column-0{width:100% !important;}.fusion-builder-column-0 > .fusion-column-wrapper {margin-right : 1.92%;margin-left : 1.92%;}}<\/style><\/div><\/div><style type=\"text\/css\">.fusion-body .fusion-flex-container.fusion-builder-row-1{ padding-top : 0px;margin-top : 0px;padding-right : 0px;padding-bottom : 0px;margin-bottom : 0px;padding-left : 0px;}<\/style><\/div>\n","protected":false},"excerpt":{"rendered":"","protected":false},"author":1,"featured_media":0,"parent":0,"menu_order":0,"comment_status":"closed","ping_status":"open","template":"","meta":[],"acf":[],"yoast_head":"<!-- This site is optimized with the Yoast SEO Premium plugin v17.5 (Yoast SEO v19.11) - https:\/\/yoast.com\/wordpress\/plugins\/seo\/ -->\n<title>T\u00e9rminos y Condiciones - Diamantes de Madeira<\/title>\n<meta name=\"robots\" content=\"index, follow, max-snippet:-1, max-image-preview:large, max-video-preview:-1\" \/>\n<link rel=\"canonical\" href=\"https:\/\/diamantesdemadeira.com\/es\/terminos-y-condiciones\/\" \/>\n<meta property=\"og:locale\" content=\"es_ES\" \/>\n<meta property=\"og:type\" content=\"article\" \/>\n<meta property=\"og:title\" content=\"T\u00e9rminos y Condiciones\" \/>\n<meta property=\"og:url\" content=\"https:\/\/diamantesdemadeira.com\/es\/terminos-y-condiciones\/\" \/>\n<meta property=\"og:site_name\" content=\"Diamantes de Madeira\" \/>\n<meta property=\"article:modified_time\" content=\"2021-09-03T16:05:18+00:00\" \/>\n<meta name=\"twitter:card\" content=\"summary_large_image\" \/>\n<meta name=\"twitter:label1\" content=\"Tiempo de lectura\" \/>\n\t<meta name=\"twitter:data1\" content=\"2 minutos\" \/>\n<script type=\"application\/ld+json\" class=\"yoast-schema-graph\">{\"@context\":\"https:\/\/schema.org\",\"@graph\":[{\"@type\":\"WebPage\",\"@id\":\"https:\/\/diamantesdemadeira.com\/es\/terminos-y-condiciones\/\",\"url\":\"https:\/\/diamantesdemadeira.com\/es\/terminos-y-condiciones\/\",\"name\":\"T\u00e9rminos y Condiciones - Diamantes de Madeira\",\"isPartOf\":{\"@id\":\"https:\/\/diamantesdemadeira.com\/es\/#website\"},\"datePublished\":\"2021-09-03T13:50:37+00:00\",\"dateModified\":\"2021-09-03T16:05:18+00:00\",\"breadcrumb\":{\"@id\":\"https:\/\/diamantesdemadeira.com\/es\/terminos-y-condiciones\/#breadcrumb\"},\"inLanguage\":\"es\",\"potentialAction\":[{\"@type\":\"ReadAction\",\"target\":[\"https:\/\/diamantesdemadeira.com\/es\/terminos-y-condiciones\/\"]}]},{\"@type\":\"BreadcrumbList\",\"@id\":\"https:\/\/diamantesdemadeira.com\/es\/terminos-y-condiciones\/#breadcrumb\",\"itemListElement\":[{\"@type\":\"ListItem\",\"position\":1,\"name\":\"In\u00edcio\",\"item\":\"https:\/\/diamantesdemadeira.com\/es\/\"},{\"@type\":\"ListItem\",\"position\":2,\"name\":\"T\u00e9rminos y Condiciones\"}]},{\"@type\":\"WebSite\",\"@id\":\"https:\/\/diamantesdemadeira.com\/es\/#website\",\"url\":\"https:\/\/diamantesdemadeira.com\/es\/\",\"name\":\"Diamantes de Madeira\",\"description\":\"\",\"potentialAction\":[{\"@type\":\"SearchAction\",\"target\":{\"@type\":\"EntryPoint\",\"urlTemplate\":\"https:\/\/diamantesdemadeira.com\/es\/?s={search_term_string}\"},\"query-input\":\"required name=search_term_string\"}],\"inLanguage\":\"es\"}]}<\/script>\n<!-- \/ Yoast SEO Premium plugin. -->","yoast_head_json":{"title":"T\u00e9rminos y Condiciones - Diamantes de Madeira","robots":{"index":"index","follow":"follow","max-snippet":"max-snippet:-1","max-image-preview":"max-image-preview:large","max-video-preview":"max-video-preview:-1"},"canonical":"https:\/\/diamantesdemadeira.com\/es\/terminos-y-condiciones\/","og_locale":"es_ES","og_type":"article","og_title":"T\u00e9rminos y Condiciones","og_url":"https:\/\/diamantesdemadeira.com\/es\/terminos-y-condiciones\/","og_site_name":"Diamantes de Madeira","article_modified_time":"2021-09-03T16:05:18+00:00","twitter_card":"summary_large_image","twitter_misc":{"Tiempo de lectura":"2 minutos"},"schema":{"@context":"https:\/\/schema.org","@graph":[{"@type":"WebPage","@id":"https:\/\/diamantesdemadeira.com\/es\/terminos-y-condiciones\/","url":"https:\/\/diamantesdemadeira.com\/es\/terminos-y-condiciones\/","name":"T\u00e9rminos y Condiciones - Diamantes de Madeira","isPartOf":{"@id":"https:\/\/diamantesdemadeira.com\/es\/#website"},"datePublished":"2021-09-03T13:50:37+00:00","dateModified":"2021-09-03T16:05:18+00:00","breadcrumb":{"@id":"https:\/\/diamantesdemadeira.com\/es\/terminos-y-condiciones\/#breadcrumb"},"inLanguage":"es","potentialAction":[{"@type":"ReadAction","target":["https:\/\/diamantesdemadeira.com\/es\/terminos-y-condiciones\/"]}]},{"@type":"BreadcrumbList","@id":"https:\/\/diamantesdemadeira.com\/es\/terminos-y-condiciones\/#breadcrumb","itemListElement":[{"@type":"ListItem","position":1,"name":"In\u00edcio","item":"https:\/\/diamantesdemadeira.com\/es\/"},{"@type":"ListItem","position":2,"name":"T\u00e9rminos y Condiciones"}]},{"@type":"WebSite","@id":"https:\/\/diamantesdemadeira.com\/es\/#website","url":"https:\/\/diamantesdemadeira.com\/es\/","name":"Diamantes de Madeira","description":"","potentialAction":[{"@type":"SearchAction","target":{"@type":"EntryPoint","urlTemplate":"https:\/\/diamantesdemadeira.com\/es\/?s={search_term_string}"},"query-input":"required name=search_term_string"}],"inLanguage":"es"}]}},"_links":{"self":[{"href":"https:\/\/diamantesdemadeira.com\/es\/wp-json\/wp\/v2\/pages\/2098"}],"collection":[{"href":"https:\/\/diamantesdemadeira.com\/es\/wp-json\/wp\/v2\/pages"}],"about":[{"href":"https:\/\/diamantesdemadeira.com\/es\/wp-json\/wp\/v2\/types\/page"}],"author":[{"embeddable":true,"href":"https:\/\/diamantesdemadeira.com\/es\/wp-json\/wp\/v2\/users\/1"}],"replies":[{"embeddable":true,"href":"https:\/\/diamantesdemadeira.com\/es\/wp-json\/wp\/v2\/comments?post=2098"}],"version-history":[{"count":0,"href":"https:\/\/diamantesdemadeira.com\/es\/wp-json\/wp\/v2\/pages\/2098\/revisions"}],"wp:attachment":[{"href":"https:\/\/diamantesdemadeira.com\/es\/wp-json\/wp\/v2\/media?parent=2098"}],"curies":[{"name":"wp","href":"https:\/\/api.w.org\/{rel}","templated":true}]}}